{"id":47,"date":"2019-06-10T22:23:45","date_gmt":"2019-06-10T20:23:45","guid":{"rendered":"http:\/\/wg-kirchenpingarten.de\/wgkipi2019\/?page_id=47"},"modified":"2019-06-10T22:23:46","modified_gmt":"2019-06-10T20:23:46","slug":"mitglied-werden","status":"publish","type":"page","link":"http:\/\/wg-kirchenpingarten.de\/wgkipi2019\/mitglied-werden\/","title":{"rendered":"Mitglied werden"},"content":{"rendered":"<p>Auch du kannst die Kommunalpolitik in deiner Gemeinde aktiv mit gestalten! Deshalb werde Mitglied in der Wahlgemeinschaft und engagiere dich f\u00fcr deine Gemeinde!<\/p>\n<p>Die Wahlgemeinschaft ist vom Finanzamt Bayreuth als unabh\u00e4ngige W\u00e4hlervereinigung anerkannt und damit berechtigt f\u00fcr Spenden und Mitgliedsbeitr\u00e4ge steuerlich abzugsf\u00e4hige Zuwendungsnachweise auszustellen!<\/p>\n<p>Neugierig geworden?<\/p>\n<p>Weitere Informationen bekommst du bei Markus Brauner (1. Vorsitzender).<\/p>\n<p><a href=\"http:\/\/wg-kirchenpingarten.de\/wgkipi2019\/wp-content\/uploads\/Mitgliedsantrag-SEPA.pdf\">Mitgliedsantrag-SEPA<\/a><\/p>\n<p>&nbsp;<\/p>\n","protected":false},"excerpt":{"rendered":"<p>Auch du kannst die Kommunalpolitik in deiner Gemeinde aktiv mit gestalten! Deshalb werde Mitglied in der Wahlgemeinschaft und engagiere dich f\u00fcr deine Gemeinde! Die Wahlgemeinschaft ist vom Finanzamt Bayreuth als unabh\u00e4ngige W\u00e4hlervereinigung anerkannt und damit berechtigt f\u00fcr Spenden und Mitgliedsbeitr\u00e4ge <a class=\"more-link\" href=\"http:\/\/wg-kirchenpingarten.de\/wgkipi2019\/mitglied-werden\/\">weiterlesen  <span class=\"screen-reader-text\">  Mitglied werden<\/span><span class=\"meta-nav\">&rarr;<\/span><\/a><\/p>\n","protected":false},"author":2,"featured_media":0,"parent":0,"menu_order":0,"comment_status":"closed","ping_status":"closed","template":"","meta":[],"_links":{"self":[{"href":"http:\/\/wg-kirchenpingarten.de\/wgkipi2019\/wp-json\/wp\/v2\/pages\/47"}],"collection":[{"href":"http:\/\/wg-kirchenpingarten.de\/wgkipi2019\/wp-json\/wp\/v2\/pages"}],"about":[{"href":"http:\/\/wg-kirchenpingarten.de\/wgkipi2019\/wp-json\/wp\/v2\/types\/page"}],"author":[{"embeddable":true,"href":"http:\/\/wg-kirchenpingarten.de\/wgkipi2019\/wp-json\/wp\/v2\/users\/2"}],"replies":[{"embeddable":true,"href":"http:\/\/wg-kirchenpingarten.de\/wgkipi2019\/wp-json\/wp\/v2\/comments?post=47"}],"version-history":[{"count":1,"href":"http:\/\/wg-kirchenpingarten.de\/wgkipi2019\/wp-json\/wp\/v2\/pages\/47\/revisions"}],"predecessor-version":[{"id":50,"href":"http:\/\/wg-kirchenpingarten.de\/wgkipi2019\/wp-json\/wp\/v2\/pages\/47\/revisions\/50"}],"wp:attachment":[{"href":"http:\/\/wg-kirchenpingarten.de\/wgkipi2019\/wp-json\/wp\/v2\/media?parent=47"}],"curies":[{"name":"wp","href":"https:\/\/api.w.org\/{rel}","templated":true}]}}