{"id":19,"date":"2019-06-10T21:53:10","date_gmt":"2019-06-10T19:53:10","guid":{"rendered":"http:\/\/wg-kirchenpingarten.de\/wgkipi2019\/?page_id=19"},"modified":"2019-11-26T22:32:14","modified_gmt":"2019-11-26T21:32:14","slug":"ueber-die-wg","status":"publish","type":"page","link":"http:\/\/wg-kirchenpingarten.de\/wgkipi2019\/ueber-die-wg\/","title":{"rendered":"\u00dcber die WG"},"content":{"rendered":"<p><img decoding=\"async\" loading=\"lazy\" class=\"alignleft\" style=\"border: 0px none; margin-top: 40px; margin-bottom: 40px;\" src=\"http:\/\/wg-kirchenpingarten.de\/wgkipi2019\/wp-content\/uploads\/Logo2014_broschuere.png\" alt=\"Logo2014_mit_Schriftzug\" width=\"330\" height=\"320\" \/>Die Wahlgemeinschaft Kirchenpingarten \u201cWG Kirchenpingarten\u201d ist eine Vereinigung parteipolitisch ungebundener B\u00fcrger, die sich zum Ziel gesetzt haben, die in der Gemeinde Kirchenpingarten zu betreibende Kommunalpolitik zum Wohle der B\u00fcrgerschaft mitzugestalten.<\/p>\n<p>Sie tritt als \u00fcberparteiliche freie W\u00e4hlergruppe im Sinne des Bayerischen Gemeindewahlgesetzes auf.<\/p>\n<p>Die WG Kirchenpingarten will eine Organisationsform bieten, die es erm\u00f6glicht, alle kommunalen Angelegenheiten unabh\u00e4ngig zu vertreten und mit zu bestimmen.<\/p>\n<p>Mit dieser Internetseite m\u00f6chten wir \u00fcber unsere Aktivit\u00e4ten und Visionen informieren sowie bei anstehenden Wahlen unsere Kandidaten vorstellen.<\/p>\n<p>Aufgrund der besseren Lesbarkeit wird in den Texten der Einfachheit halber nur die m\u00e4nnliche Form verwendet. Alle anderen Formen sind selbstverst\u00e4ndlich immer mit eingeschlossen.<\/p>\n","protected":false},"excerpt":{"rendered":"<p>Die Wahlgemeinschaft Kirchenpingarten \u201cWG Kirchenpingarten\u201d ist eine Vereinigung parteipolitisch ungebundener B\u00fcrger, die sich zum Ziel gesetzt haben, die in der Gemeinde Kirchenpingarten zu betreibende Kommunalpolitik zum Wohle der B\u00fcrgerschaft mitzugestalten. Sie tritt als \u00fcberparteiliche freie W\u00e4hlergruppe im Sinne des Bayerischen <a class=\"more-link\" href=\"http:\/\/wg-kirchenpingarten.de\/wgkipi2019\/ueber-die-wg\/\">weiterlesen  <span class=\"screen-reader-text\">  \u00dcber die WG<\/span><span class=\"meta-nav\">&rarr;<\/span><\/a><\/p>\n","protected":false},"author":2,"featured_media":0,"parent":0,"menu_order":0,"comment_status":"closed","ping_status":"closed","template":"","meta":[],"_links":{"self":[{"href":"http:\/\/wg-kirchenpingarten.de\/wgkipi2019\/wp-json\/wp\/v2\/pages\/19"}],"collection":[{"href":"http:\/\/wg-kirchenpingarten.de\/wgkipi2019\/wp-json\/wp\/v2\/pages"}],"about":[{"href":"http:\/\/wg-kirchenpingarten.de\/wgkipi2019\/wp-json\/wp\/v2\/types\/page"}],"author":[{"embeddable":true,"href":"http:\/\/wg-kirchenpingarten.de\/wgkipi2019\/wp-json\/wp\/v2\/users\/2"}],"replies":[{"embeddable":true,"href":"http:\/\/wg-kirchenpingarten.de\/wgkipi2019\/wp-json\/wp\/v2\/comments?post=19"}],"version-history":[{"count":5,"href":"http:\/\/wg-kirchenpingarten.de\/wgkipi2019\/wp-json\/wp\/v2\/pages\/19\/revisions"}],"predecessor-version":[{"id":126,"href":"http:\/\/wg-kirchenpingarten.de\/wgkipi2019\/wp-json\/wp\/v2\/pages\/19\/revisions\/126"}],"wp:attachment":[{"href":"http:\/\/wg-kirchenpingarten.de\/wgkipi2019\/wp-json\/wp\/v2\/media?parent=19"}],"curies":[{"name":"wp","href":"https:\/\/api.w.org\/{rel}","templated":true}]}}